{"id":2,"date":"2018-12-28T08:50:20","date_gmt":"2018-12-28T08:50:20","guid":{"rendered":"https:\/\/wp.thedaltons.ch\/?page_id=2"},"modified":"2025-06-16T18:55:25","modified_gmt":"2025-06-16T18:55:25","slug":"beispiel-seite","status":"publish","type":"page","link":"https:\/\/www.thedaltons.ch\/","title":{"rendered":"The Daltons Home"},"content":{"rendered":"\n<p class=\"has-text-align-center has-black-color has-text-color has-background has-huge-font-size\" style=\"background-color:#ffd106\">It&#8217;s \u00d6nly R\u00f6ck&#8217;n&#8217;R\u00f6ll<\/p>\n\n\n<ul class=\"wp-block-latest-posts__list wp-block-latest-posts\"><li><a class=\"wp-block-latest-posts__post-title\" href=\"https:\/\/www.thedaltons.ch\/?p=141\">Daltons-Party #23 postponed to 2026<\/a><\/li>\n<li><a class=\"wp-block-latest-posts__post-title\" href=\"https:\/\/www.thedaltons.ch\/?p=127\">Daltons Party #22 &#8211; check!<\/a><\/li>\n<li><a class=\"wp-block-latest-posts__post-title\" href=\"https:\/\/www.thedaltons.ch\/?p=117\">Die 21. Daltons-Party ist Geschichte<\/a><\/li>\n<li><a class=\"wp-block-latest-posts__post-title\" href=\"https:\/\/www.thedaltons.ch\/?p=110\">And now for something completely different:<\/a><\/li>\n<li><a class=\"wp-block-latest-posts__post-title\" href=\"https:\/\/www.thedaltons.ch\/?p=106\">Next Daltons-Party announced&#8230;<\/a><\/li>\n<\/ul>","protected":false},"excerpt":{"rendered":"<p>It&#8217;s \u00d6nly R\u00f6ck&#8217;n&#8217;R\u00f6ll<\/p>\n","protected":false},"author":2,"featured_media":0,"parent":0,"menu_order":0,"comment_status":"closed","ping_status":"open","template":"","meta":{"footnotes":""},"class_list":["post-2","page","type-page","status-publish","hentry"],"jetpack_sharing_enabled":true,"_links":{"self":[{"href":"https:\/\/www.thedaltons.ch\/index.php?rest_route=\/wp\/v2\/pages\/2","targetHints":{"allow":["GET"]}}],"collection":[{"href":"https:\/\/www.thedaltons.ch\/index.php?rest_route=\/wp\/v2\/pages"}],"about":[{"href":"https:\/\/www.thedaltons.ch\/index.php?rest_route=\/wp\/v2\/types\/page"}],"author":[{"embeddable":true,"href":"https:\/\/www.thedaltons.ch\/index.php?rest_route=\/wp\/v2\/users\/2"}],"replies":[{"embeddable":true,"href":"https:\/\/www.thedaltons.ch\/index.php?rest_route=%2Fwp%2Fv2%2Fcomments&post=2"}],"version-history":[{"count":4,"href":"https:\/\/www.thedaltons.ch\/index.php?rest_route=\/wp\/v2\/pages\/2\/revisions"}],"predecessor-version":[{"id":148,"href":"https:\/\/www.thedaltons.ch\/index.php?rest_route=\/wp\/v2\/pages\/2\/revisions\/148"}],"wp:attachment":[{"href":"https:\/\/www.thedaltons.ch\/index.php?rest_route=%2Fwp%2Fv2%2Fmedia&parent=2"}],"curies":[{"name":"wp","href":"https:\/\/api.w.org\/{rel}","templated":true}]}}